{"id":2,"date":"2020-05-19T14:02:51","date_gmt":"2020-05-19T12:02:51","guid":{"rendered":"https:\/\/www.tsmt.sk\/?page_id=2"},"modified":"2025-02-22T14:42:40","modified_gmt":"2025-02-22T13:42:40","slug":"ukazka-strany","status":"publish","type":"page","link":"https:\/\/www.tsmt.sk\/?page_id=2","title":{"rendered":"Cenn\u00edk &#8211; \u00c1raink"},"content":{"rendered":"\n<p><\/p>\n\n\n\n<p>Vstupn\u00e1 konzult\u00e1cia s rodi\u010dom &#8211; 40\u20ac<\/p>\n\n\n\n<p>Longikid\u00ae do 24 mes. &#8211; 80\u20ac<\/p>\n\n\n\n<p>Longikid\u00ae do 3 r. &#8211; 90\u20ac<\/p>\n\n\n\n<p>Longikid\u00ae do 5 r. &#8211; 95\u20ac<\/p>\n\n\n\n<p>Longikid\u00ae nad 5 r. &#8211; 110\u20ac<\/p>\n\n\n\n<p>Vyhodnotenie + prv\u00fd s\u00fabor cvi\u010den\u00ed &#8211; 50\u20ac<\/p>\n\n\n\n<p>TSMT<strong>\u00ae<\/strong> I. &#8211; kontrola 40\u20ac<\/p>\n\n\n\n<p>TSMT<strong>\u00ae<\/strong> I. &#8211; kontrola + nov\u00fd s\u00fabor cvi\u010den\u00ed &#8211; 50\u20ac<\/p>\n\n\n\n<p>JIAS &#8211; 110 \u20ac <\/p>\n\n\n\n<p><\/p>\n\n\n\n<blockquote class=\"wp-block-quote is-layout-flow wp-block-quote-is-layout-flow\">\n<p>info: <\/p>\n\n\n\n<p>tel.: 0903770426<\/p>\n\n\n\n<p>mail: info@tsmt.sk<\/p>\n<\/blockquote>\n\n\n\n<p><\/p>\n\n\n\n<p><\/p>\n","protected":false},"excerpt":{"rendered":"<p>Vstupn\u00e1 konzult\u00e1cia s rodi\u010dom &#8211; 40\u20ac Longikid\u00ae do 24 mes. &#8211; 80\u20ac Longikid\u00ae do 3 r. &#8211; 90\u20ac Longikid\u00ae do 5 r. &#8211; 95\u20ac Longikid\u00ae nad 5 r. &#8211; 110\u20ac Vyhodnotenie + prv\u00fd s\u00fabor cvi\u010den\u00ed &#8211; 50\u20ac TSMT\u00ae I. &#8211; kontrola 40\u20ac TSMT\u00ae I. &#8211; kontrola + nov\u00fd s\u00fabor cvi\u010den\u00ed &#8211; 50\u20ac JIAS &#8211; 110 [&hellip;]<\/p>\n","protected":false},"author":1,"featured_media":0,"parent":0,"menu_order":0,"comment_status":"closed","ping_status":"open","template":"","meta":{"_monsterinsights_skip_tracking":false,"_monsterinsights_sitenote_active":false,"_monsterinsights_sitenote_note":"","_monsterinsights_sitenote_category":0,"footnotes":""},"class_list":["post-2","page","type-page","status-publish","hentry"],"yoast_head":"<!-- This site is optimized with the Yoast SEO plugin v14.1 - https:\/\/yoast.com\/wordpress\/plugins\/seo\/ -->\n<title>Cenn\u00edk - \u00c1raink - tsmt slovakia sro<\/title>\n<meta name=\"robots\" content=\"index, follow\" \/>\n<meta name=\"googlebot\" content=\"index, follow, max-snippet:-1, max-image-preview:large, max-video-preview:-1\" \/>\n<meta name=\"bingbot\" content=\"index, follow, max-snippet:-1, max-image-preview:large, max-video-preview:-1\" \/>\n<link rel=\"canonical\" href=\"https:\/\/www.tsmt.sk\/?page_id=2\" \/>\n<meta property=\"og:locale\" content=\"hu_HU\" \/>\n<meta property=\"og:type\" content=\"article\" \/>\n<meta property=\"og:title\" content=\"Cenn\u00edk - \u00c1raink - tsmt slovakia sro\" \/>\n<meta property=\"og:description\" content=\"Vstupn\u00e1 konzult\u00e1cia s rodi\u010dom &#8211; 40\u20ac Longikid\u00ae do 24 mes. &#8211; 80\u20ac Longikid\u00ae do 3 r. &#8211; 90\u20ac Longikid\u00ae do 5 r. &#8211; 95\u20ac Longikid\u00ae nad 5 r. &#8211; 110\u20ac Vyhodnotenie + prv\u00fd s\u00fabor cvi\u010den\u00ed &#8211; 50\u20ac TSMT\u00ae I. &#8211; kontrola 40\u20ac TSMT\u00ae I. &#8211; kontrola + nov\u00fd s\u00fabor cvi\u010den\u00ed &#8211; 50\u20ac JIAS &#8211; 110 [&hellip;]\" \/>\n<meta property=\"og:url\" content=\"https:\/\/www.tsmt.sk\/?page_id=2\" \/>\n<meta property=\"og:site_name\" content=\"tsmt slovakia sro\" \/>\n<meta property=\"article:modified_time\" content=\"2025-02-22T13:42:40+00:00\" \/>\n<meta name=\"twitter:card\" content=\"summary_large_image\" \/>\n<script type=\"application\/ld+json\" class=\"yoast-schema-graph\">{\"@context\":\"https:\/\/schema.org\",\"@graph\":[{\"@type\":\"WebSite\",\"@id\":\"https:\/\/www.tsmt.sk\/#website\",\"url\":\"https:\/\/www.tsmt.sk\/\",\"name\":\"tsmt slovakia sro\",\"description\":\"pom\\u00f4\\u017eeme - seg\\u00edt\\u00fcnk\",\"potentialAction\":[{\"@type\":\"SearchAction\",\"target\":\"https:\/\/www.tsmt.sk\/?s={search_term_string}\",\"query-input\":\"required name=search_term_string\"}],\"inLanguage\":\"hu\"},{\"@type\":\"WebPage\",\"@id\":\"https:\/\/www.tsmt.sk\/?page_id=2#webpage\",\"url\":\"https:\/\/www.tsmt.sk\/?page_id=2\",\"name\":\"Cenn\\u00edk - \\u00c1raink - tsmt slovakia sro\",\"isPartOf\":{\"@id\":\"https:\/\/www.tsmt.sk\/#website\"},\"datePublished\":\"2020-05-19T12:02:51+00:00\",\"dateModified\":\"2025-02-22T13:42:40+00:00\",\"inLanguage\":\"hu\",\"potentialAction\":[{\"@type\":\"ReadAction\",\"target\":[\"https:\/\/www.tsmt.sk\/?page_id=2\"]}]}]}<\/script>\n<!-- \/ Yoast SEO plugin. -->","_links":{"self":[{"href":"https:\/\/www.tsmt.sk\/index.php?rest_route=\/wp\/v2\/pages\/2","targetHints":{"allow":["GET"]}}],"collection":[{"href":"https:\/\/www.tsmt.sk\/index.php?rest_route=\/wp\/v2\/pages"}],"about":[{"href":"https:\/\/www.tsmt.sk\/index.php?rest_route=\/wp\/v2\/types\/page"}],"author":[{"embeddable":true,"href":"https:\/\/www.tsmt.sk\/index.php?rest_route=\/wp\/v2\/users\/1"}],"replies":[{"embeddable":true,"href":"https:\/\/www.tsmt.sk\/index.php?rest_route=%2Fwp%2Fv2%2Fcomments&post=2"}],"version-history":[{"count":6,"href":"https:\/\/www.tsmt.sk\/index.php?rest_route=\/wp\/v2\/pages\/2\/revisions"}],"predecessor-version":[{"id":190,"href":"https:\/\/www.tsmt.sk\/index.php?rest_route=\/wp\/v2\/pages\/2\/revisions\/190"}],"wp:attachment":[{"href":"https:\/\/www.tsmt.sk\/index.php?rest_route=%2Fwp%2Fv2%2Fmedia&parent=2"}],"curies":[{"name":"wp","href":"https:\/\/api.w.org\/{rel}","templated":true}]}}