{"id":3,"date":"2020-05-19T14:02:51","date_gmt":"2020-05-19T12:02:51","guid":{"rendered":"https:\/\/www.tsmt.sk\/?page_id=3"},"modified":"2025-05-29T15:38:02","modified_gmt":"2025-05-29T13:38:02","slug":"ochrana-sukromia","status":"publish","type":"page","link":"https:\/\/www.tsmt.sk\/?page_id=3","title":{"rendered":"Z\u00e1sady ochrany osobn\u00fdch \u00fadajov"},"content":{"rendered":"\n<h2 class=\"wp-block-heading\">Kto sme<\/h2>\n\n\n\n<p>Adresa na\u0161ej webovej str\u00e1nky je: https:\/\/www.tsmt.sk.<\/p>\n\n\n\n<h2 class=\"wp-block-heading\">Ak\u00e9 osobn\u00e9 \u00fadaje z\u00edskavame a pre\u010do ich zbierame<\/h2>\n\n\n\n<h3 class=\"wp-block-heading\">Koment\u00e1re<\/h3>\n\n\n\n<p>N\u00e1v\u0161tevn\u00edci str\u00e1nky nem\u00f4\u017eu necha\u0165 koment\u00e1re, nezbierame a neuklad\u00e1me \u017eiadne osobn\u00e9 \u00fadaje.<\/p>\n\n\n\n<p><\/p>\n\n\n\n<h3 class=\"wp-block-heading\">Multim\u00e9di\u00e1<\/h3>\n\n\n\n<p>Pri nahr\u00e1van\u00ed obr\u00e1zkov na webov\u00fa str\u00e1nku by ste sa mali vyhn\u00fa\u0165 nahr\u00e1vaniu obr\u00e1zkov s EXIF GPS \u00fadajmi o polohe. N\u00e1v\u0161tevn\u00edci webu m\u00f4\u017eu stiahnu\u0165 a zobrazi\u0165 ak\u00e9ko\u013evek \u00fadaje o polohe z obr\u00e1zkov.<\/p>\n\n\n\n<h3 class=\"wp-block-heading\">Kontaktn\u00e9 formul\u00e1re<\/h3>\n\n\n\n<p>Rezerva\u010dn\u00fd syst\u00e9m uklad\u00e1 len \u00fadaje, ktor\u00e9 s\u00fa potrebn\u00e9 k idetifik\u00e1cii klienta. Tieto \u00fadaje nie s\u00fa nikde publikovan\u00e9.<\/p>\n\n\n\n<h3 class=\"wp-block-heading\">S\u00fabory cookies<\/h3>\n\n\n\n<p>Pri \u00faprave alebo publikovan\u00ed \u010dl\u00e1nku bud\u00fa vo va\u0161om prehliada\u010di ulo\u017een\u00e9 dodato\u010dn\u00e9 s\u00fabory cookies. Tieto s\u00fabory cookies neobsahuj\u00fa \u017eiadne osobn\u00e9 \u00fadaje a odkazuj\u00fa iba na ID \u010dl\u00e1nku, ktor\u00fd ste upravovali. S\u00fabory s\u00fa platn\u00e9 1 de\u0148.<\/p>\n\n\n\n<h3 class=\"wp-block-heading\">Vlo\u017een\u00fd obsah z in\u00fdch webov\u00fdch str\u00e1nok<\/h3>\n\n\n\n<p>\u010cl\u00e1nky na tejto webovej str\u00e1nke m\u00f4\u017eu obsahova\u0165 vlo\u017een\u00fd obsah (napr. vide\u00e1, obr\u00e1zky, \u010dl\u00e1nky a podobne). Vlo\u017een\u00fd obsah z in\u00fdch str\u00e1nok sa chov\u00e1 rovnako, akoby n\u00e1v\u0161tevn\u00edk nav\u0161t\u00edvil in\u00fa webov\u00fa str\u00e1nku. <\/p>\n\n\n\n<p>Tieto webov\u00e9 str\u00e1nky m\u00f4\u017eu o v\u00e1s zbiera\u0165 osobn\u00e9 \u00fadaje, pou\u017e\u00edva\u0165 s\u00fabory cookies, vklada\u0165 tre\u0165o-strann\u00e9 sledovanie a monitorova\u0165 va\u0161u interakciu s vlo\u017een\u00fdm obsahom, v\u010detne sledovania va\u0161ej interakcie s vlo\u017een\u00fdm obsahom, ak na danej webovej str\u00e1nke m\u00e1te \u00fa\u010det a ste prihl\u00e1sen\u00fd. <\/p>\n\n\n\n<h3 class=\"wp-block-heading\">Analytika<\/h3>\n\n\n\n<p>N\u00e1v\u0161etvnos\u0165 str\u00e1nky sa anailzuje le vn\u00fatorne.<\/p>\n\n\n\n<h2 class=\"wp-block-heading\">S k\u00fdm zdie\u013eame va\u0161e \u00fadaje<\/h2>\n\n\n\n<p>Va\u0161e \u00fadaje nie s\u00fa zdielan\u00e9, ani zbieran\u00e9.<\/p>\n\n\n\n<h2 class=\"wp-block-heading\">Ako dlho uchov\u00e1vame va\u0161e \u00fadaje<\/h2>\n\n\n\n<p>Nie s\u00fa uchovan\u00e9<\/p>\n\n\n\n<h2 class=\"wp-block-heading\"><\/h2>\n\n\n\n<p><\/p>\n\n\n\n<h2 class=\"wp-block-heading\"><\/h2>\n\n\n\n<p>Koment\u00e1re n\u00e1v\u0161tevn\u00edkov m\u00f4\u017eu by\u0165 kontrolovan\u00e9 prostredn\u00edctvom automatizovanej slu\u017eby na detekciu spamu.<\/p>\n\n\n\n<h2 class=\"wp-block-heading\">Va\u0161e kontaktn\u00e9 inform\u00e1cie<\/h2>\n\n\n\n<p>Dostan\u00fa sa len do rezerva\u010dneho syst\u00e9mu. Sl\u00fa\u017eia na identifik\u00e1ciu klienta, pr\u00edpadn\u00fa komunik\u00e1ciu. <\/p>\n\n\n\n<h2 class=\"wp-block-heading\">Dodato\u010dn\u00e9 inform\u00e1cie<\/h2>\n\n\n\n<h3 class=\"wp-block-heading\">Ako chr\u00e1nime va\u0161e \u00fadaje<\/h3>\n\n\n\n<p>Nie s\u00fa zverejnen\u00e9<\/p>\n\n\n\n<h3 class=\"wp-block-heading\">Ak\u00e9 m\u00e1me procesy pri \u00faniku d\u00e1t<\/h3>\n\n\n\n<p>S\u00fa chranen\u00e9 externou firmou zabezpe\u010duj\u00facu rezerva\u010dn\u00fd syst\u00e9m.<\/p>\n\n\n\n<h3 class=\"wp-block-heading\">Z ak\u00fdch tret\u00edch str\u00e1n z\u00edskavame \u00fadaje<\/h3>\n\n\n\n<p>Zo \u017eiadnych.<\/p>\n\n\n\n<h3 class=\"wp-block-heading\"><\/h3>\n\n\n\n<h3 class=\"wp-block-heading\"><\/h3>\n\n\n\n<p><\/p>\n","protected":false},"excerpt":{"rendered":"<p>Kto sme Adresa na\u0161ej webovej str\u00e1nky je: https:\/\/www.tsmt.sk. Ak\u00e9 osobn\u00e9 \u00fadaje z\u00edskavame a pre\u010do ich zbierame Koment\u00e1re N\u00e1v\u0161tevn\u00edci str\u00e1nky nem\u00f4\u017eu necha\u0165 koment\u00e1re, nezbierame a neuklad\u00e1me \u017eiadne osobn\u00e9 \u00fadaje. Multim\u00e9di\u00e1 Pri nahr\u00e1van\u00ed obr\u00e1zkov na webov\u00fa str\u00e1nku by ste sa mali vyhn\u00fa\u0165 nahr\u00e1vaniu obr\u00e1zkov s EXIF GPS \u00fadajmi o polohe. N\u00e1v\u0161tevn\u00edci webu m\u00f4\u017eu stiahnu\u0165 a zobrazi\u0165 ak\u00e9ko\u013evek [&hellip;]<\/p>\n","protected":false},"author":1,"featured_media":0,"parent":0,"menu_order":0,"comment_status":"closed","ping_status":"open","template":"","meta":{"_monsterinsights_skip_tracking":false,"_monsterinsights_sitenote_active":false,"_monsterinsights_sitenote_note":"","_monsterinsights_sitenote_category":0,"footnotes":""},"class_list":["post-3","page","type-page","status-publish","hentry"],"yoast_head":"<!-- This site is optimized with the Yoast SEO plugin v14.1 - https:\/\/yoast.com\/wordpress\/plugins\/seo\/ -->\n<title>Z\u00e1sady ochrany osobn\u00fdch \u00fadajov - tsmt slovakia sro<\/title>\n<meta name=\"robots\" content=\"index, follow\" \/>\n<meta name=\"googlebot\" content=\"index, follow, max-snippet:-1, max-image-preview:large, max-video-preview:-1\" \/>\n<meta name=\"bingbot\" content=\"index, follow, max-snippet:-1, max-image-preview:large, max-video-preview:-1\" \/>\n<link rel=\"canonical\" href=\"https:\/\/www.tsmt.sk\/?page_id=3\" \/>\n<meta property=\"og:locale\" content=\"hu_HU\" \/>\n<meta property=\"og:type\" content=\"article\" \/>\n<meta property=\"og:title\" content=\"Z\u00e1sady ochrany osobn\u00fdch \u00fadajov - tsmt slovakia sro\" \/>\n<meta property=\"og:description\" content=\"Kto sme Adresa na\u0161ej webovej str\u00e1nky je: https:\/\/www.tsmt.sk. Ak\u00e9 osobn\u00e9 \u00fadaje z\u00edskavame a pre\u010do ich zbierame Koment\u00e1re N\u00e1v\u0161tevn\u00edci str\u00e1nky nem\u00f4\u017eu necha\u0165 koment\u00e1re, nezbierame a neuklad\u00e1me \u017eiadne osobn\u00e9 \u00fadaje. Multim\u00e9di\u00e1 Pri nahr\u00e1van\u00ed obr\u00e1zkov na webov\u00fa str\u00e1nku by ste sa mali vyhn\u00fa\u0165 nahr\u00e1vaniu obr\u00e1zkov s EXIF GPS \u00fadajmi o polohe. N\u00e1v\u0161tevn\u00edci webu m\u00f4\u017eu stiahnu\u0165 a zobrazi\u0165 ak\u00e9ko\u013evek [&hellip;]\" \/>\n<meta property=\"og:url\" content=\"https:\/\/www.tsmt.sk\/?page_id=3\" \/>\n<meta property=\"og:site_name\" content=\"tsmt slovakia sro\" \/>\n<meta property=\"article:modified_time\" content=\"2025-05-29T13:38:02+00:00\" \/>\n<meta name=\"twitter:card\" content=\"summary_large_image\" \/>\n<script type=\"application\/ld+json\" class=\"yoast-schema-graph\">{\"@context\":\"https:\/\/schema.org\",\"@graph\":[{\"@type\":\"WebSite\",\"@id\":\"https:\/\/www.tsmt.sk\/#website\",\"url\":\"https:\/\/www.tsmt.sk\/\",\"name\":\"tsmt slovakia sro\",\"description\":\"pom\\u00f4\\u017eeme - seg\\u00edt\\u00fcnk\",\"potentialAction\":[{\"@type\":\"SearchAction\",\"target\":\"https:\/\/www.tsmt.sk\/?s={search_term_string}\",\"query-input\":\"required name=search_term_string\"}],\"inLanguage\":\"hu\"},{\"@type\":\"WebPage\",\"@id\":\"https:\/\/www.tsmt.sk\/?page_id=3#webpage\",\"url\":\"https:\/\/www.tsmt.sk\/?page_id=3\",\"name\":\"Z\\u00e1sady ochrany osobn\\u00fdch \\u00fadajov - tsmt slovakia sro\",\"isPartOf\":{\"@id\":\"https:\/\/www.tsmt.sk\/#website\"},\"datePublished\":\"2020-05-19T12:02:51+00:00\",\"dateModified\":\"2025-05-29T13:38:02+00:00\",\"inLanguage\":\"hu\",\"potentialAction\":[{\"@type\":\"ReadAction\",\"target\":[\"https:\/\/www.tsmt.sk\/?page_id=3\"]}]}]}<\/script>\n<!-- \/ Yoast SEO plugin. -->","_links":{"self":[{"href":"https:\/\/www.tsmt.sk\/index.php?rest_route=\/wp\/v2\/pages\/3","targetHints":{"allow":["GET"]}}],"collection":[{"href":"https:\/\/www.tsmt.sk\/index.php?rest_route=\/wp\/v2\/pages"}],"about":[{"href":"https:\/\/www.tsmt.sk\/index.php?rest_route=\/wp\/v2\/types\/page"}],"author":[{"embeddable":true,"href":"https:\/\/www.tsmt.sk\/index.php?rest_route=\/wp\/v2\/users\/1"}],"replies":[{"embeddable":true,"href":"https:\/\/www.tsmt.sk\/index.php?rest_route=%2Fwp%2Fv2%2Fcomments&post=3"}],"version-history":[{"count":2,"href":"https:\/\/www.tsmt.sk\/index.php?rest_route=\/wp\/v2\/pages\/3\/revisions"}],"predecessor-version":[{"id":199,"href":"https:\/\/www.tsmt.sk\/index.php?rest_route=\/wp\/v2\/pages\/3\/revisions\/199"}],"wp:attachment":[{"href":"https:\/\/www.tsmt.sk\/index.php?rest_route=%2Fwp%2Fv2%2Fmedia&parent=3"}],"curies":[{"name":"wp","href":"https:\/\/api.w.org\/{rel}","templated":true}]}}