{"id":31,"date":"2020-05-19T21:41:38","date_gmt":"2020-05-19T19:41:38","guid":{"rendered":"https:\/\/www.tsmt.sk\/?page_id=31"},"modified":"2026-02-16T14:49:45","modified_gmt":"2026-02-16T13:49:45","slug":"home","status":"publish","type":"page","link":"https:\/\/www.tsmt.sk\/","title":{"rendered":"HOME"},"content":{"rendered":"<div class=\"wp-block-image\">\n<figure class=\"alignleft size-large is-resized\"><img loading=\"lazy\" decoding=\"async\" width=\"906\" height=\"1024\" src=\"https:\/\/www.tsmt.sk\/wp-content\/uploads\/2025\/01\/ul8dd5bo-906x1024.jpeg\" alt=\"\" class=\"wp-image-140\" style=\"width:184px;height:auto\" srcset=\"https:\/\/www.tsmt.sk\/wp-content\/uploads\/2025\/01\/ul8dd5bo-906x1024.jpeg 906w, https:\/\/www.tsmt.sk\/wp-content\/uploads\/2025\/01\/ul8dd5bo-265x300.jpeg 265w, https:\/\/www.tsmt.sk\/wp-content\/uploads\/2025\/01\/ul8dd5bo-768x868.jpeg 768w, https:\/\/www.tsmt.sk\/wp-content\/uploads\/2025\/01\/ul8dd5bo-1358x1536.jpeg 1358w, https:\/\/www.tsmt.sk\/wp-content\/uploads\/2025\/01\/ul8dd5bo-1811x2048.jpeg 1811w, https:\/\/www.tsmt.sk\/wp-content\/uploads\/2025\/01\/ul8dd5bo.jpeg 1836w\" sizes=\"auto, (max-width: 906px) 100vw, 906px\" \/><\/figure><\/div>\n\n\n<figure class=\"wp-block-gallery has-nested-images columns-default is-cropped wp-block-gallery-1 is-layout-flex wp-block-gallery-is-layout-flex\">\n<figure class=\"wp-block-image size-large is-resized\"><a href=\"https:\/\/tsmtmodell.hu\/\"><img loading=\"lazy\" decoding=\"async\" width=\"1024\" height=\"371\" data-id=\"217\" src=\"https:\/\/www.tsmt.sk\/wp-content\/uploads\/2025\/11\/tsmt_modell_c2-1536x556-1-1024x371.png\" alt=\"\" class=\"wp-image-217\" style=\"width:217px;height:auto\" srcset=\"https:\/\/www.tsmt.sk\/wp-content\/uploads\/2025\/11\/tsmt_modell_c2-1536x556-1-1024x371.png 1024w, https:\/\/www.tsmt.sk\/wp-content\/uploads\/2025\/11\/tsmt_modell_c2-1536x556-1-300x109.png 300w, https:\/\/www.tsmt.sk\/wp-content\/uploads\/2025\/11\/tsmt_modell_c2-1536x556-1-768x278.png 768w, https:\/\/www.tsmt.sk\/wp-content\/uploads\/2025\/11\/tsmt_modell_c2-1536x556-1.png 1536w\" sizes=\"auto, (max-width: 1024px) 100vw, 1024px\" \/><\/a><\/figure>\n\n\n\n<figure class=\"wp-block-image size-large is-resized\"><a href=\"https:\/\/tsmtmodel.sk\/\" rel=\"https:\/\/tsmtmodel.sk\/\"><img loading=\"lazy\" decoding=\"async\" width=\"1024\" height=\"371\" data-id=\"215\" src=\"https:\/\/www.tsmt.sk\/wp-content\/uploads\/2025\/11\/tsmt_model_c2-1536x556-6-1024x371.png\" alt=\"\" class=\"wp-image-215\" style=\"width:250px;height:auto\" srcset=\"https:\/\/www.tsmt.sk\/wp-content\/uploads\/2025\/11\/tsmt_model_c2-1536x556-6-1024x371.png 1024w, https:\/\/www.tsmt.sk\/wp-content\/uploads\/2025\/11\/tsmt_model_c2-1536x556-6-300x109.png 300w, https:\/\/www.tsmt.sk\/wp-content\/uploads\/2025\/11\/tsmt_model_c2-1536x556-6-768x278.png 768w, https:\/\/www.tsmt.sk\/wp-content\/uploads\/2025\/11\/tsmt_model_c2-1536x556-6.png 1536w\" sizes=\"auto, (max-width: 1024px) 100vw, 1024px\" \/><\/a><\/figure>\n<\/figure>\n\n\n\n<div class=\"wp-block-columns alignwide are-vertically-aligned-bottom is-layout-flex wp-container-core-columns-is-layout-9d6595d7 wp-block-columns-is-layout-flex\">\n<div class=\"wp-block-column is-vertically-aligned-bottom is-layout-flow wp-block-column-is-layout-flow\" style=\"flex-basis:100%\">\n<p><\/p>\n\n\n\n<p><mark style=\"background-color:rgba(0, 0, 0, 0)\" class=\"has-inline-color has-vivid-cyan-blue-color\"><strong>CSENGER Ferenc, Mgr. hivatalos TSMT<strong>\u00ae<\/strong> terapeuta<br>Mgr. Ferenc CSENGER, ofici\u00e1lny terapeut TSMT<\/strong><\/mark><strong>\u00ae<\/strong><br><\/p>\n\n\n\n<p><\/p>\n<\/div>\n<\/div>\n\n\n\n<p><\/p>\n\n\n\n<p><\/p>\n\n\n\n<p><strong>Na\u0161e slu\u017eby &#8211; Szolg\u00e1ltat\u00e1saink:<\/strong><\/p>\n\n\n\n<p class=\"has-vivid-red-color has-text-color\"><mark style=\"background-color:rgba(0, 0, 0, 0)\" class=\"has-inline-color has-vivid-green-cyan-color\"><a href=\"https:\/\/www.tsmt.sk\/?page_id=47\" data-type=\"page\" data-id=\"47\">Longikid\u00ae &#8211; Komplexn\u00e9 testovanie pod\u013ea vekovej kategorie &#8211; Komplex \u00e1llapotfelm\u00e9r\u00e9s korcsoport szerint<\/a><\/mark><\/p>\n\n\n\n<p class=\"has-vivid-red-color has-text-color\"><a href=\"https:\/\/www.tsmt.sk\/?page_id=47\" data-type=\"page\" data-id=\"47\">T<span class=\"has-inline-color has-vivid-green-cyan-color\">SMT<strong>\u00ae<\/strong><\/span><\/a> I.<a href=\"https:\/\/www.tsmt.sk\/?page_id=47\" data-type=\"page\" data-id=\"47\"><span class=\"has-inline-color has-vivid-green-cyan-color\"> &#8211; Individu\u00e1lny pl\u00e1novan\u00fd senzomotorick\u00fd tr\u00e9ning &#8211; Egy\u00e9ni tervezett szenzomotoros tr\u00e9ning<\/span><\/a><\/p>\n\n\n\n<p class=\"has-vivid-red-color has-text-color\"><mark style=\"background-color:rgba(0, 0, 0, 0)\" class=\"has-inline-color has-vivid-green-cyan-color\"><a href=\"https:\/\/jias.sk\/\" data-type=\"link\" data-id=\"https:\/\/jias.sk\/\">JIAS &#8211; Zvukov\u00e1 terapia &#8211; Hall\u00e1ster\u00e1pia (AUDIOMETRIA)<\/a><\/mark> &#8211; nov\u00ed klineti len do 30.06.2026<\/p>\n\n\n\n<p><\/p>\n\n\n\n<h2 class=\"wp-block-heading\"><\/h2>\n\n\n\n<p><strong>Prihl\u00e1senie &#8211; Jelentkez\u00e9s:<\/strong><\/p>\n\n\n\n<p>Pri prihl\u00e1sen\u00ed na prv\u00e9 stretnutie, pros\u00edm ozna\u010dte si vo\u013ebu: Longikid<mark style=\"background-color:rgba(0, 0, 0, 0)\" class=\"has-inline-color has-vivid-green-cyan-color\"><a href=\"https:\/\/www.tsmt.sk\/?page_id=47\" data-type=\"page\" data-id=\"47\">\u00ae<\/a><\/mark>!<\/p>\n\n\n\n<p>Az els\u0151 id\u0151pont kiv\u00e1laszt\u00e1s\u00e1n\u00e1l, k\u00e9rem jel\u00f6lje be a Longikid<mark style=\"background-color:rgba(0, 0, 0, 0)\" class=\"has-inline-color has-vivid-green-cyan-color\"><a href=\"https:\/\/www.tsmt.sk\/?page_id=47\" data-type=\"page\" data-id=\"47\">\u00ae<\/a><\/mark> lehet\u0151s\u00e9get!<\/p>\n\n\n\n<p>rezerv\u00e1cie: <a href=\"https:\/\/tsmt-slovakia-s-r-o.reenio.sk\/sk\/\" data-type=\"link\" data-id=\"https:\/\/tsmt-slovakia-s-r-o.reenio.sk\/sk\/\">tu<\/a><\/p>\n\n\n\n<p>tel.: <span class=\"has-inline-color has-vivid-red-color\">0903 770 426<\/span> <\/p>\n\n\n\n<p>e-mail:<a href=\"info@tsmt.sk\"> <span class=\"has-inline-color has-vivid-cyan-blue-color\">info@tsmt.sk <\/span><\/a><\/p>\n\n\n\n<div class=\"wp-block-group is-vertical is-layout-flex wp-container-core-group-is-layout-8cf370e7 wp-block-group-is-layout-flex\">\n<p>Nach\u00e1dzame sa na prvom poschod\u00ed administrat\u00edvnej budovy Stavomal-u v Galante. <\/p>\n\n\n\n<p>Vchod za budovou Soci\u00e1lnej pois\u0165ovne pri budove Apo\u0161tolskej cirkvy smerom na Stavebniny. Vo dvore je bezplatn\u00e9 parkovanie.<\/p>\n\n\n\n<p><\/p>\n\n\n\n<p>Itt tal\u00e1l meg Gal\u00e1nt\u00e1n, a Stavomal irodah\u00e1z 1. emelet\u00e9n. A Szoci\u00e1lis Biztos\u00edt\u00f3 m\u00f6g\u00f6tt, az Apostoli Egyh\u00e1z \u00e9p\u00fclete mellett az \u00c9p\u00edt\u0151anyagok fel\u00e9 <\/p>\n\n\n\n<p>vezet\u0151 utca. Parkolni ingyenesen lehet az udvarban. <\/p>\n<\/div>\n\n\n\n<iframe src=\"https:\/\/www.google.com\/maps\/embed?pb=!1m17!1m12!1m3!1d2251.3086500393983!2d17.729343999999998!3d48.187202!2m3!1f0!2f0!3f0!3m2!1i1024!2i768!4f13.1!3m2!1m1!2zNDjCsDExJzEzLjkiTiAxN8KwNDMnNDUuNiJF!5e1!3m2!1shu!2ssk!4v1739444496655!5m2!1shu!2ssk\" width=\"600\" height=\"450\" style=\"border:0;\" allowfullscreen=\"\" loading=\"lazy\" referrerpolicy=\"no-referrer-when-downgrade\"><\/iframe>\n\n\n","protected":false},"excerpt":{"rendered":"<p>CSENGER Ferenc, Mgr. hivatalos TSMT\u00ae terapeutaMgr. Ferenc CSENGER, ofici\u00e1lny terapeut TSMT\u00ae Na\u0161e slu\u017eby &#8211; Szolg\u00e1ltat\u00e1saink: Longikid\u00ae &#8211; Komplexn\u00e9 testovanie pod\u013ea vekovej kategorie &#8211; Komplex \u00e1llapotfelm\u00e9r\u00e9s korcsoport szerint TSMT\u00ae I. &#8211; Individu\u00e1lny pl\u00e1novan\u00fd senzomotorick\u00fd tr\u00e9ning &#8211; Egy\u00e9ni tervezett szenzomotoros tr\u00e9ning JIAS &#8211; Zvukov\u00e1 terapia &#8211; Hall\u00e1ster\u00e1pia (AUDIOMETRIA) &#8211; nov\u00ed klineti len do 30.06.2026 Prihl\u00e1senie &#8211; Jelentkez\u00e9s: [&hellip;]<\/p>\n","protected":false},"author":1,"featured_media":58,"parent":0,"menu_order":1,"comment_status":"closed","ping_status":"closed","template":"","meta":{"_monsterinsights_skip_tracking":false,"_monsterinsights_sitenote_active":false,"_monsterinsights_sitenote_note":"","_monsterinsights_sitenote_category":0,"footnotes":""},"class_list":["post-31","page","type-page","status-publish","has-post-thumbnail","hentry"],"yoast_head":"<!-- This site is optimized with the Yoast SEO plugin v14.1 - https:\/\/yoast.com\/wordpress\/plugins\/seo\/ -->\n<title>HOME - tsmt slovakia sro<\/title>\n<meta name=\"robots\" content=\"index, follow\" \/>\n<meta name=\"googlebot\" content=\"index, follow, max-snippet:-1, max-image-preview:large, max-video-preview:-1\" \/>\n<meta name=\"bingbot\" content=\"index, follow, max-snippet:-1, max-image-preview:large, max-video-preview:-1\" \/>\n<link rel=\"canonical\" href=\"https:\/\/www.tsmt.sk\/\" \/>\n<meta property=\"og:locale\" content=\"hu_HU\" \/>\n<meta property=\"og:type\" content=\"article\" \/>\n<meta property=\"og:title\" content=\"HOME - tsmt slovakia sro\" \/>\n<meta property=\"og:description\" content=\"CSENGER Ferenc, Mgr. hivatalos TSMT\u00ae terapeutaMgr. Ferenc CSENGER, ofici\u00e1lny terapeut TSMT\u00ae Na\u0161e slu\u017eby &#8211; Szolg\u00e1ltat\u00e1saink: Longikid\u00ae &#8211; Komplexn\u00e9 testovanie pod\u013ea vekovej kategorie &#8211; Komplex \u00e1llapotfelm\u00e9r\u00e9s korcsoport szerint TSMT\u00ae I. &#8211; Individu\u00e1lny pl\u00e1novan\u00fd senzomotorick\u00fd tr\u00e9ning &#8211; Egy\u00e9ni tervezett szenzomotoros tr\u00e9ning JIAS &#8211; Zvukov\u00e1 terapia &#8211; Hall\u00e1ster\u00e1pia (AUDIOMETRIA) &#8211; nov\u00ed klineti len do 30.06.2026 Prihl\u00e1senie &#8211; Jelentkez\u00e9s: [&hellip;]\" \/>\n<meta property=\"og:url\" content=\"https:\/\/www.tsmt.sk\/\" \/>\n<meta property=\"og:site_name\" content=\"tsmt slovakia sro\" \/>\n<meta property=\"article:modified_time\" content=\"2026-02-16T13:49:45+00:00\" \/>\n<meta property=\"og:image\" content=\"https:\/\/www.tsmt.sk\/wp-content\/uploads\/2020\/05\/\u00c1kos-rajza-e1739451720965.jpg\" \/>\n\t<meta property=\"og:image:width\" content=\"2048\" \/>\n\t<meta property=\"og:image:height\" content=\"236\" \/>\n<meta name=\"twitter:card\" content=\"summary_large_image\" \/>\n<script type=\"application\/ld+json\" class=\"yoast-schema-graph\">{\"@context\":\"https:\/\/schema.org\",\"@graph\":[{\"@type\":\"WebSite\",\"@id\":\"https:\/\/www.tsmt.sk\/#website\",\"url\":\"https:\/\/www.tsmt.sk\/\",\"name\":\"tsmt slovakia sro\",\"description\":\"pom\\u00f4\\u017eeme - seg\\u00edt\\u00fcnk\",\"potentialAction\":[{\"@type\":\"SearchAction\",\"target\":\"https:\/\/www.tsmt.sk\/?s={search_term_string}\",\"query-input\":\"required name=search_term_string\"}],\"inLanguage\":\"hu\"},{\"@type\":\"ImageObject\",\"@id\":\"https:\/\/www.tsmt.sk\/#primaryimage\",\"inLanguage\":\"hu\",\"url\":\"https:\/\/www.tsmt.sk\/wp-content\/uploads\/2020\/05\/\\u00c1kos-rajza-e1739451720965.jpg\",\"width\":2048,\"height\":236},{\"@type\":\"WebPage\",\"@id\":\"https:\/\/www.tsmt.sk\/#webpage\",\"url\":\"https:\/\/www.tsmt.sk\/\",\"name\":\"HOME - tsmt slovakia sro\",\"isPartOf\":{\"@id\":\"https:\/\/www.tsmt.sk\/#website\"},\"primaryImageOfPage\":{\"@id\":\"https:\/\/www.tsmt.sk\/#primaryimage\"},\"datePublished\":\"2020-05-19T19:41:38+00:00\",\"dateModified\":\"2026-02-16T13:49:45+00:00\",\"inLanguage\":\"hu\",\"potentialAction\":[{\"@type\":\"ReadAction\",\"target\":[\"https:\/\/www.tsmt.sk\/\"]}]}]}<\/script>\n<!-- \/ Yoast SEO plugin. -->","_links":{"self":[{"href":"https:\/\/www.tsmt.sk\/index.php?rest_route=\/wp\/v2\/pages\/31","targetHints":{"allow":["GET"]}}],"collection":[{"href":"https:\/\/www.tsmt.sk\/index.php?rest_route=\/wp\/v2\/pages"}],"about":[{"href":"https:\/\/www.tsmt.sk\/index.php?rest_route=\/wp\/v2\/types\/page"}],"author":[{"embeddable":true,"href":"https:\/\/www.tsmt.sk\/index.php?rest_route=\/wp\/v2\/users\/1"}],"replies":[{"embeddable":true,"href":"https:\/\/www.tsmt.sk\/index.php?rest_route=%2Fwp%2Fv2%2Fcomments&post=31"}],"version-history":[{"count":5,"href":"https:\/\/www.tsmt.sk\/index.php?rest_route=\/wp\/v2\/pages\/31\/revisions"}],"predecessor-version":[{"id":222,"href":"https:\/\/www.tsmt.sk\/index.php?rest_route=\/wp\/v2\/pages\/31\/revisions\/222"}],"wp:featuredmedia":[{"embeddable":true,"href":"https:\/\/www.tsmt.sk\/index.php?rest_route=\/wp\/v2\/media\/58"}],"wp:attachment":[{"href":"https:\/\/www.tsmt.sk\/index.php?rest_route=%2Fwp%2Fv2%2Fmedia&parent=31"}],"curies":[{"name":"wp","href":"https:\/\/api.w.org\/{rel}","templated":true}]}}