{"id":47,"date":"2020-05-20T10:51:09","date_gmt":"2020-05-20T08:51:09","guid":{"rendered":"https:\/\/www.tsmt.sk\/?page_id=47"},"modified":"2025-03-02T08:10:00","modified_gmt":"2025-03-02T07:10:00","slug":"prihlasenie-jelentkezes","status":"publish","type":"page","link":"https:\/\/www.tsmt.sk\/?page_id=47","title":{"rendered":"Info"},"content":{"rendered":"\n<p><strong>LongiKid\u00ae<\/strong><\/p>\n\n\n\n<p><strong>Longitudin\u00e1lne Komplexn\u00e9 Vy\u0161etrenie (LongiKid\u00ae) umo\u017e\u0148uje pos\u00fadenie stavu det\u00ed.<\/strong><\/p>\n\n\n\n<p>LongiKid\u00ae je neuro-senzomotorick\u00fd test, ktor\u00fd poskytuje inform\u00e1cie o stave det\u00ed v motorickej, psychickej, kognit\u00edvnej a soci\u00e1lnej oblasti. <strong>Test je ur\u010den\u00fd pre deti od 3 mesiacov do 11 rokov <\/strong>a pom\u00e1ha identifikova\u0165 odli\u0161ne sa vyv\u00edjaj\u00face funkcie a poruchy neurologick\u00e9ho dozrievania.<\/p>\n\n\n\n<p>V s\u00fa\u010dasnosti je LongiKid\u00ae jedin\u00fdm neuro-senzomotorick\u00fdm testom, ktor\u00fd umo\u017e\u0148uje sledova\u0165 v\u00fdvoj det\u00ed vo veku 0 \u2013 11 rokov pod\u013ea rovnak\u00fdch krit\u00e9ri\u00ed. Poskytuje tak jedine\u010dn\u00e9 rie\u0161enie na \u010do najskor\u0161iu identifik\u00e1ciu sympt\u00f3mov atypick\u00e9ho v\u00fdvoja alebo spr\u00e1vania. Bodov\u00e9 hodnotenie v\u00fdkonu po\u010das vy\u0161etrenia je objekt\u00edvne a vych\u00e1dza z v\u00fdvinovo-neurologick\u00fdch, neuropsychologick\u00fdch, v\u00fdvinovo-psychologick\u00fdch, ako aj oftalmologick\u00fdch a audiologick\u00fdch vekov\u00fdch krit\u00e9ri\u00ed. Sk\u00faman\u00edm jednotliv\u00fdch funkci\u00ed prostredn\u00edctvom viacer\u00fdch \u00faloh z\u00edskavame komplexnej\u0161\u00ed obraz o \u00farovni v\u00fdvinu die\u0165a\u0165a.<\/p>\n\n\n\n<p><strong>Vy\u0161etrenie prebieha hravou formou a je pre die\u0165a zauj\u00edmav\u00e9.<\/strong>      <\/p>\n\n\n\n<p><\/p>\n\n\n\n<p><strong>TSMT\u00ae I.<\/strong><\/p>\n\n\n\n<p><strong>Indidvidu\u00e1lny terapeutick\u00fd pl\u00e1n<\/strong><\/p>\n\n\n\n<p>Na za\u010diatku terapie ka\u017ed\u00e9 die\u0165a prech\u00e1dza podrobn\u00fdm vy\u0161etren\u00edm, ktor\u00e9 zah\u0155\u0148a aj Longitudin\u00e1lne Komplexn\u00e9 Vy\u0161etrenie (LongiKid\u00ae).<\/p>\n\n\n\n<p>Na z\u00e1klade tohto vy\u0161etrenia <strong>sa vypracuje individu\u00e1lny terapeutick\u00fd pl\u00e1n, ktor\u00fd zoh\u013ead\u0148uje rodinn\u00e9 podmienky a individu\u00e1lne potreby die\u0165a\u0165a.<\/strong> S\u00fa\u010das\u0165ou terapeutick\u00e9ho protokolu je aj <strong>pravideln\u00e9 kontroln\u00e9 vy\u0161etrenie<\/strong>, ktor\u00e9 sa vykon\u00e1va ka\u017ed\u00fdch \u0161es\u0165 mesiacov s cie\u013eom sledova\u0165 pokrok die\u0165a\u0165a a pod\u013ea potreby upravi\u0165 v\u00fdvojov\u00e9 ciele.<\/p>\n\n\n\n<p>Po\u010das terapie deti vykon\u00e1vaj\u00fa komplexn\u00e9, individu\u00e1lne prisp\u00f4soben\u00e9 cvi\u010denia, ktor\u00e9 sa postupne s\u0165a\u017euj\u00fa, aby podporili posil\u0148ovanie nervov\u00fdch spojen\u00ed a senzomotorick\u00fa integr\u00e1ciu. Na dosiahnutie po\u017eadovan\u00fdch v\u00fdsledkov je potrebn\u00e9 vykon\u00e1va\u0165 tieto \u00falohy pravidelne \u2013 v pr\u00edpade individu\u00e1lnej terapie aspo\u0148 trikr\u00e1t t\u00fd\u017edenne.<\/p>\n\n\n\n<p><strong>Akt\u00edvna \u00fa\u010das\u0165 rodi\u010dov je k\u013e\u00fa\u010dov\u00e1 pre \u00faspech individu\u00e1lnej terapie TSMT\u00ae<\/strong>, preto\u017ee pr\u00e1ve oni vykon\u00e1vaj\u00fa cvi\u010denia doma alebo zabezpe\u010duj\u00fa, aby sa die\u0165a pravidelne z\u00fa\u010dast\u0148ovalo na terapi\u00e1ch. <strong>Terapeuti pravidelne komunikuj\u00fa s rodi\u010dmi, aby mohli prisp\u00f4sobi\u0165 \u00falohy pod\u013ea individu\u00e1lnych v\u00fdvojov\u00fdch cie\u013eov die\u0165a\u0165a.<\/strong><\/p>\n\n\n\n<p>Viac o&nbsp;TSMT Modell <a href=\"https:\/\/tsmtmodell.hu\/en\/therapies-and-assessments\/tsmt-i-individual-development-program\/\">tu<\/a>&nbsp;<\/p>\n\n\n\n<figure class=\"wp-block-image size-large\"><img loading=\"lazy\" decoding=\"async\" width=\"743\" height=\"1024\" src=\"https:\/\/www.tsmt.sk\/wp-content\/uploads\/2025\/03\/Longi-2025_en-743x1024.jpg\" alt=\"\" class=\"wp-image-193\" srcset=\"https:\/\/www.tsmt.sk\/wp-content\/uploads\/2025\/03\/Longi-2025_en-743x1024.jpg 743w, https:\/\/www.tsmt.sk\/wp-content\/uploads\/2025\/03\/Longi-2025_en-218x300.jpg 218w, https:\/\/www.tsmt.sk\/wp-content\/uploads\/2025\/03\/Longi-2025_en-768x1058.jpg 768w, https:\/\/www.tsmt.sk\/wp-content\/uploads\/2025\/03\/Longi-2025_en-1115x1536.jpg 1115w, https:\/\/www.tsmt.sk\/wp-content\/uploads\/2025\/03\/Longi-2025_en-1487x2048.jpg 1487w, https:\/\/www.tsmt.sk\/wp-content\/uploads\/2025\/03\/Longi-2025_en-scaled.jpg 1859w\" sizes=\"auto, (max-width: 743px) 100vw, 743px\" \/><\/figure>\n\n\n\n<figure class=\"wp-block-image size-large\"><img loading=\"lazy\" decoding=\"async\" width=\"743\" height=\"1024\" src=\"https:\/\/www.tsmt.sk\/wp-content\/uploads\/2025\/03\/Longi-2005_hu-2-743x1024.jpg\" alt=\"\" class=\"wp-image-195\" srcset=\"https:\/\/www.tsmt.sk\/wp-content\/uploads\/2025\/03\/Longi-2005_hu-2-743x1024.jpg 743w, https:\/\/www.tsmt.sk\/wp-content\/uploads\/2025\/03\/Longi-2005_hu-2-218x300.jpg 218w, https:\/\/www.tsmt.sk\/wp-content\/uploads\/2025\/03\/Longi-2005_hu-2-768x1058.jpg 768w, https:\/\/www.tsmt.sk\/wp-content\/uploads\/2025\/03\/Longi-2005_hu-2-1115x1536.jpg 1115w, https:\/\/www.tsmt.sk\/wp-content\/uploads\/2025\/03\/Longi-2005_hu-2-1487x2048.jpg 1487w, https:\/\/www.tsmt.sk\/wp-content\/uploads\/2025\/03\/Longi-2005_hu-2-scaled.jpg 1859w\" sizes=\"auto, (max-width: 743px) 100vw, 743px\" \/><\/figure>\n\n\n\n<p><strong>LongiKid<sup>\u00ae<\/sup><\/strong><\/p>\n\n\n\n<p><strong>A gyermekek \u00e1llapotf\u00e9lm\u00e9r\u00e9s\u00e9t a Longitudin\u00e1lis Komplex Vizsg\u00e1lat (LongiKid<sup>\u00ae<\/sup>) teszi lehet\u0151v\u00e9.&nbsp;<\/strong><\/p>\n\n\n\n<p>A LongiKid<sup>\u00ae<\/sup>&nbsp;egy neuro-szenzomotoros teszt, amely motoros, pszich\u00e9s, kognit\u00edv \u00e9s szoci\u00e1lis ter\u00fcleten ny\u00fajt inform\u00e1ci\u00f3t a vizsg\u00e1latra \u00e9rkez\u0151 gyermekek \u00e1llapot\u00e1r\u00f3l. A&nbsp;<strong>teszt 3 h\u00f3napost\u00f3l 11 \u00e9ves korig<\/strong>&nbsp;haszn\u00e1lhat\u00f3, seg\u00edts\u00e9g\u00e9vel azonos\u00edthat\u00f3ak az elt\u00e9r\u0151en fejl\u0151d\u0151 funkci\u00f3k \u00e9s az idegrendszeri \u00e9r\u00e9si zavarok.<\/p>\n\n\n\n<p>Ma Magyarorsz\u00e1gon a LongiKid<sup>\u00ae<\/sup>&nbsp;az egyetlen olyan neuro-szenzomotoros teszt, amely k\u00e9pes a fejl\u0151d\u00e9st 0-11 \u00e9ves korig azonos szempontok szerint k\u00f6vetni, \u00edgy egyedi megold\u00e1st ny\u00fajt az atipikus fejl\u0151d\u00e9st, illetve viselked\u00e9st mutat\u00f3 gyermekek t\u00fcneteinek a lehet\u0151 leghamarabbi azonos\u00edt\u00e1s\u00e1ra. A vizsg\u00e1lat sor\u00e1n mutatott teljes\u00edtm\u00e9ny pontoz\u00e1sa objekt\u00edv, fejl\u0151d\u00e9sneurol\u00f3giai, neuropszichol\u00f3giai, fejl\u0151d\u00e9spszichol\u00f3giai, valamint szem\u00e9szeti \u00e9s hall\u00e1svizsg\u00e1lati \u00e9letkori krit\u00e9riumok figyelembev\u00e9tel\u00e9vel t\u00f6rt\u00e9nik. Egy-egy funkci\u00f3t t\u00f6bb feladaton kereszt\u00fcl is megvizsg\u00e1lva kapunk teljesebb k\u00e9pet a gyermek fejletts\u00e9g\u00e9r\u0151l.<\/p>\n\n\n\n<p><strong>A felm\u00e9r\u00e9s j\u00e1t\u00e9kos \u00e9s a gyermek sz\u00e1m\u00e1ra \u00e9rdekes.<\/strong>       <\/p>\n\n\n\n<p><\/p>\n\n\n\n<p><strong>TSMT\u00ae I.<\/strong><\/p>\n\n\n\n<p><strong>Egy\u00e9ni fejleszt\u00e9si program<\/strong><\/p>\n\n\n\n<p>A ter\u00e1pia kezdet\u00e9n minden gyermek r\u00e9szletes felm\u00e9r\u00e9sen esik \u00e1t, amely mag\u00e1ban foglalja a Longitudin\u00e1lis Komplex Vizsg\u00e1latot (LongiKid<sup>\u00ae<\/sup>).<\/p>\n\n\n\n<p>Ennek alapj\u00e1n&nbsp;<strong>szem\u00e9lyre szabott ter\u00e1pi\u00e1s terv k\u00e9sz\u00fcl, amely figyelembe veszi a csal\u00e1d k\u00f6r\u00fclm\u00e9nyeit, egy\u00e9ni ig\u00e9nyeit.&nbsp;<\/strong>A ter\u00e1pi\u00e1s protokoll r\u00e9sze a&nbsp;<strong>rendszeres visszam\u00e9r\u00e9s<\/strong>&nbsp;is, amely f\u00e9l \u00e9vente t\u00f6rt\u00e9nik, hogy nyomon k\u00f6vethess\u00fck a gyermek fejl\u0151d\u00e9s\u00e9t \u00e9s sz\u00fcks\u00e9g szerint m\u00f3dos\u00edthassuk a fejleszt\u00e9si c\u00e9lokat.<\/p>\n\n\n\n<p>A ter\u00e1pi\u00e1k sor\u00e1n a gyermekek komplex, szem\u00e9lyre szabott gyakorlatokat v\u00e9geznek, amelyek folyamatosan nehezednek, hogy el\u0151seg\u00edts\u00e9k az idegrendszeri kapcsolatok er\u0151s\u00f6d\u00e9s\u00e9t \u00e9s a szenzomotoros integr\u00e1ci\u00f3t. A feladatokat rendszeresen, egy\u00e9ni ter\u00e1pi\u00e1k eset\u00e9n legal\u00e1bb heti h\u00e1rom, csoportos \u00f3r\u00e1k eset\u00e9n heti k\u00e9t alkalommal kell v\u00e9gezni a k\u00edv\u00e1nt eredm\u00e9nyek el\u00e9r\u00e9se \u00e9rdek\u00e9ben.<\/p>\n\n\n\n<p><strong>A sz\u00fcl\u0151k akt\u00edv r\u00e9szv\u00e9tele kulcsfontoss\u00e1g\u00fa az egy\u00e9ni TSMT<sup>\u00ae<\/sup>&nbsp;ter\u00e1pia sikeress\u00e9g\u00e9ben,<\/strong>&nbsp;hiszen \u0151k v\u00e9gzik a gyakorlatokat otthon, vagy biztos\u00edtj\u00e1k, hogy a gyermek rendszeresen r\u00e9szt vegyen a fejleszt\u00e9seken.&nbsp;<strong>A terapeut\u00e1k rendszeresen egyeztetnek a sz\u00fcl\u0151kkel, hogy az egy\u00e9ni fejleszt\u00e9si c\u00e9lokat folyamatosan szem el\u0151tt tartva m\u00f3dos\u00edts\u00e1k a feladatokat.<\/strong><\/p>\n\n\n\n<p>T\u00f6bbet a TSMT Modellr\u0151l <a href=\"https:\/\/tsmtmodell.hu\/terapiak-es-vizsgalatok\/tsmt-i-egyeni-fejlesztesi-program\/\">itt<\/a><\/p>\n\n\n\n<p><\/p>\n","protected":false},"excerpt":{"rendered":"<p>LongiKid\u00ae Longitudin\u00e1lne Komplexn\u00e9 Vy\u0161etrenie (LongiKid\u00ae) umo\u017e\u0148uje pos\u00fadenie stavu det\u00ed. LongiKid\u00ae je neuro-senzomotorick\u00fd test, ktor\u00fd poskytuje inform\u00e1cie o stave det\u00ed v motorickej, psychickej, kognit\u00edvnej a soci\u00e1lnej oblasti. Test je ur\u010den\u00fd pre deti od 3 mesiacov do 11 rokov a pom\u00e1ha identifikova\u0165 odli\u0161ne sa vyv\u00edjaj\u00face funkcie a poruchy neurologick\u00e9ho dozrievania. V s\u00fa\u010dasnosti je LongiKid\u00ae jedin\u00fdm neuro-senzomotorick\u00fdm testom, [&hellip;]<\/p>\n","protected":false},"author":1,"featured_media":0,"parent":0,"menu_order":0,"comment_status":"closed","ping_status":"closed","template":"","meta":{"_monsterinsights_skip_tracking":false,"_monsterinsights_sitenote_active":false,"_monsterinsights_sitenote_note":"","_monsterinsights_sitenote_category":0,"footnotes":""},"class_list":["post-47","page","type-page","status-publish","hentry"],"yoast_head":"<!-- This site is optimized with the Yoast SEO plugin v14.1 - https:\/\/yoast.com\/wordpress\/plugins\/seo\/ -->\n<title>Info - tsmt slovakia sro<\/title>\n<meta name=\"robots\" content=\"index, follow\" \/>\n<meta name=\"googlebot\" content=\"index, follow, max-snippet:-1, max-image-preview:large, max-video-preview:-1\" \/>\n<meta name=\"bingbot\" content=\"index, follow, max-snippet:-1, max-image-preview:large, max-video-preview:-1\" \/>\n<link rel=\"canonical\" href=\"https:\/\/www.tsmt.sk\/?page_id=47\" \/>\n<meta property=\"og:locale\" content=\"hu_HU\" \/>\n<meta property=\"og:type\" content=\"article\" \/>\n<meta property=\"og:title\" content=\"Info - tsmt slovakia sro\" \/>\n<meta property=\"og:description\" content=\"LongiKid\u00ae Longitudin\u00e1lne Komplexn\u00e9 Vy\u0161etrenie (LongiKid\u00ae) umo\u017e\u0148uje pos\u00fadenie stavu det\u00ed. LongiKid\u00ae je neuro-senzomotorick\u00fd test, ktor\u00fd poskytuje inform\u00e1cie o stave det\u00ed v motorickej, psychickej, kognit\u00edvnej a soci\u00e1lnej oblasti. Test je ur\u010den\u00fd pre deti od 3 mesiacov do 11 rokov a pom\u00e1ha identifikova\u0165 odli\u0161ne sa vyv\u00edjaj\u00face funkcie a poruchy neurologick\u00e9ho dozrievania. V s\u00fa\u010dasnosti je LongiKid\u00ae jedin\u00fdm neuro-senzomotorick\u00fdm testom, [&hellip;]\" \/>\n<meta property=\"og:url\" content=\"https:\/\/www.tsmt.sk\/?page_id=47\" \/>\n<meta property=\"og:site_name\" content=\"tsmt slovakia sro\" \/>\n<meta property=\"article:modified_time\" content=\"2025-03-02T07:10:00+00:00\" \/>\n<meta property=\"og:image\" content=\"https:\/\/www.tsmt.sk\/wp-content\/uploads\/2025\/03\/Longi-2025_en-743x1024.jpg\" \/>\n<meta name=\"twitter:card\" content=\"summary_large_image\" \/>\n<script type=\"application\/ld+json\" class=\"yoast-schema-graph\">{\"@context\":\"https:\/\/schema.org\",\"@graph\":[{\"@type\":\"WebSite\",\"@id\":\"https:\/\/www.tsmt.sk\/#website\",\"url\":\"https:\/\/www.tsmt.sk\/\",\"name\":\"tsmt slovakia sro\",\"description\":\"pom\\u00f4\\u017eeme - seg\\u00edt\\u00fcnk\",\"potentialAction\":[{\"@type\":\"SearchAction\",\"target\":\"https:\/\/www.tsmt.sk\/?s={search_term_string}\",\"query-input\":\"required name=search_term_string\"}],\"inLanguage\":\"hu\"},{\"@type\":\"ImageObject\",\"@id\":\"https:\/\/www.tsmt.sk\/?page_id=47#primaryimage\",\"inLanguage\":\"hu\",\"url\":\"https:\/\/www.tsmt.sk\/wp-content\/uploads\/2025\/03\/Longi-2025_en-scaled.jpg\",\"width\":1859,\"height\":2560},{\"@type\":\"WebPage\",\"@id\":\"https:\/\/www.tsmt.sk\/?page_id=47#webpage\",\"url\":\"https:\/\/www.tsmt.sk\/?page_id=47\",\"name\":\"Info - tsmt slovakia sro\",\"isPartOf\":{\"@id\":\"https:\/\/www.tsmt.sk\/#website\"},\"primaryImageOfPage\":{\"@id\":\"https:\/\/www.tsmt.sk\/?page_id=47#primaryimage\"},\"datePublished\":\"2020-05-20T08:51:09+00:00\",\"dateModified\":\"2025-03-02T07:10:00+00:00\",\"inLanguage\":\"hu\",\"potentialAction\":[{\"@type\":\"ReadAction\",\"target\":[\"https:\/\/www.tsmt.sk\/?page_id=47\"]}]}]}<\/script>\n<!-- \/ Yoast SEO plugin. -->","_links":{"self":[{"href":"https:\/\/www.tsmt.sk\/index.php?rest_route=\/wp\/v2\/pages\/47","targetHints":{"allow":["GET"]}}],"collection":[{"href":"https:\/\/www.tsmt.sk\/index.php?rest_route=\/wp\/v2\/pages"}],"about":[{"href":"https:\/\/www.tsmt.sk\/index.php?rest_route=\/wp\/v2\/types\/page"}],"author":[{"embeddable":true,"href":"https:\/\/www.tsmt.sk\/index.php?rest_route=\/wp\/v2\/users\/1"}],"replies":[{"embeddable":true,"href":"https:\/\/www.tsmt.sk\/index.php?rest_route=%2Fwp%2Fv2%2Fcomments&post=47"}],"version-history":[{"count":5,"href":"https:\/\/www.tsmt.sk\/index.php?rest_route=\/wp\/v2\/pages\/47\/revisions"}],"predecessor-version":[{"id":196,"href":"https:\/\/www.tsmt.sk\/index.php?rest_route=\/wp\/v2\/pages\/47\/revisions\/196"}],"wp:attachment":[{"href":"https:\/\/www.tsmt.sk\/index.php?rest_route=%2Fwp%2Fv2%2Fmedia&parent=47"}],"curies":[{"name":"wp","href":"https:\/\/api.w.org\/{rel}","templated":true}]}}